{"id":966,"date":"2026-04-18T13:42:44","date_gmt":"2026-04-18T06:42:44","guid":{"rendered":"https:\/\/www.khoqsg.com\/?post_type=product&#038;p=966"},"modified":"2026-04-20T13:59:40","modified_gmt":"2026-04-20T06:59:40","slug":"hop-dung-xa-phong-2-ngan-treo-tuong-chong-nuoc","status":"publish","type":"product","link":"https:\/\/www.khoqsg.com\/index.php\/product\/hop-dung-xa-phong-2-ngan-treo-tuong-chong-nuoc\/","title":{"rendered":"H\u1ed9p \u0111\u1ef1ng x\u00e0 ph\u00f2ng 2 ng\u0103n treo t\u01b0\u1eddng ch\u1ed1ng n\u01b0\u1edbc"},"content":{"rendered":"<ul>\n<li>T\u00ean s\u1ea3n ph\u1ea9m: H\u1ed9p \u0110\u1ef1ng X\u00e0 Ph\u00f2ng 2 Ng\u0103n Treo T\u01b0\u1eddng Ch\u1ed1ng N\u01b0\u1edbc<\/li>\n<li>S\u1ea3n xu\u1ea5t : Trung Qu\u1ed1c<\/li>\n<li>Ch\u1ea5t li\u1ec7u: Nh\u1ef1a ABS cao c\u1ea5p \u2013 b\u1ec1n \u0111\u1eb9p, ch\u1ed1ng n\u01b0\u1edbc<\/li>\n<li>K\u00edch th\u01b0\u1edbc: 27 x 17.5 x 5.5 cm (\u00b11cm)<\/li>\n<li>Tr\u1ecdng l\u01b0\u1ee3ng: 500g<\/li>\n<li>M\u00e0u s\u1eafc: X\u00e1m, Kem<\/li>\n<li>T\u00ednh n\u0103ng: 2 ng\u0103n ch\u1ee9a x\u00e0 ph\u00f2ng\/d\u1ea7u g\u1ed9i\/s\u1eefa t\u1eafm \u2013 thi\u1ebft k\u1ebf ch\u1ed1ng th\u1ea5m n\u01b0\u1edbc \u2013 h\u00fat ch\u00e2n kh\u00f4ng hai l\u1edbp ch\u1eafc ch\u1eafn \u2013 d\u1ec5 th\u00e1o l\u1eafp &amp; v\u1ec7 sinh<\/li>\n<li>\u0110\u00f3ng g\u00f3i g\u1ed3m: 1 h\u1ed9p \u0111\u1ef1ng x\u00e0 ph\u00f2ng 2 ng\u0103n h\u00fat ch\u00e2n kh\u00f4ng treo t\u01b0\u1eddng<\/li>\n<\/ul>\n<p>\u01afU \u0110I\u1ec2M N\u1ed4I B\u1eacT:<\/p>\n<ul>\n<li>Thi\u1ebft k\u1ebf 2 ng\u0103n ti\u1ec7n l\u1ee3i: Chia ri\u00eang d\u1ea7u g\u1ed9i, s\u1eefa t\u1eafm, n\u01b0\u1edbc r\u1eeda tay g\u1ecdn g\u00e0ng<\/li>\n<li>Ch\u1ed1ng n\u01b0\u1edbc &amp; b\u00e1m ch\u1eafc: H\u00fat ch\u00e2n kh\u00f4ng hai l\u1edbp, b\u00e1m t\u01b0\u1eddng ch\u1eafc, kh\u00f4ng c\u1ea7n khoan \u0111\u1ee5c<\/li>\n<li>Ti\u1ebft ki\u1ec7m kh\u00f4ng gian: Treo t\u01b0\u1eddng g\u1ecdn g\u00e0ng, gi\u00fap ph\u00f2ng t\u1eafm s\u1ea1ch s\u1ebd, ng\u0103n n\u1eafp h\u01a1n<\/li>\n<li>Ch\u1ea5t li\u1ec7u cao c\u1ea5p: Nh\u1ef1a ABS b\u1ec1n \u0111\u1eb9p, d\u1ec5 lau ch\u00f9i, tu\u1ed5i th\u1ecd cao<\/li>\n<li>Ki\u1ec3u d\u00e1ng hi\u1ec7n \u0111\u1ea1i: T\u00f4ng m\u00e0u trang nh\u00e3, sang tr\u1ecdng, ph\u00f9 h\u1ee3p m\u1ecdi kh\u00f4ng gian ph\u00f2ng t\u1eafm<\/li>\n<\/ul>\n<p>G\u1ee2I \u00dd S\u1eec D\u1ee4NG:<\/p>\n<ul>\n<li>\u0110\u1ef1ng d\u1ea7u g\u1ed9i, s\u1eefa t\u1eafm, x\u00e0 ph\u00f2ng r\u1eeda tay trong nh\u00e0 t\u1eafm<\/li>\n<li>\u0110\u1ef1ng dung d\u1ecbch r\u1eeda ch\u00e9n, n\u01b0\u1edbc r\u1eeda tay trong b\u1ebfp<\/li>\n<li>Treo trong ph\u00f2ng v\u1ec7 sinh \u0111\u1ec3 ti\u1ec7n l\u1ee3i v\u00e0 g\u1ecdn g\u00e0ng h\u01a1n<\/li>\n<\/ul>\n<p>CAM K\u1ebeT:<\/p>\n<ul>\n<li>S\u1ea3n ph\u1ea9m gi\u1ed1ng m\u00f4 t\u1ea3 100%<\/li>\n<li>\u0110\u00f3ng g\u00f3i k\u1ef9, giao h\u00e0ng nhanh ch\u00f3ng<\/li>\n<li>H\u1ed7 tr\u1ee3 \u0111\u1ed5i tr\u1ea3 n\u1ebfu s\u1ea3n ph\u1ea9m l\u1ed7i<\/li>\n<\/ul>\n","protected":false},"excerpt":{"rendered":"<p>Thi\u1ebft k\u1ebf 2 ng\u0103n ch\u1ee9a x\u00e0 ph\u00f2ng\/d\u1ea7u g\u1ed9i\/s\u1eefa t\u1eafm \u2013 ch\u1ed1ng th\u1ea5m n\u01b0\u1edbc \u2013 h\u00fat ch\u00e2n kh\u00f4ng hai l\u1edbp ch\u1eafc ch\u1eafn \u2013 d\u1ec5 th\u00e1o l\u1eafp &amp; v\u1ec7 sinh<\/p>\n","protected":false},"featured_media":974,"template":"","meta":{"_bst_post_transparent":"default","_bst_post_title":"","_bst_post_layout":"default","_bst_post_sidebar_id":"","_bst_post_content_style":"default","_bst_post_vertical_padding":"default","_bst_post_feature":"","_bst_post_feature_position":"","_bst_post_header":false,"_bst_post_footer":false},"product_brand":[],"product_cat":[79],"product_tag":[],"product_brands":[],"class_list":{"0":"post-966","1":"product","2":"type-product","3":"status-publish","4":"has-post-thumbnail","6":"product_cat-nha-tam","8":"first","9":"instock","10":"taxable","11":"shipping-taxable","12":"purchasable","13":"product-type-variable","14":"entry","15":"content-bg","16":"loop-entry"},"_links":{"self":[{"href":"https:\/\/www.khoqsg.com\/index.php\/wp-json\/wp\/v2\/product\/966","targetHints":{"allow":["GET"]}}],"collection":[{"href":"https:\/\/www.khoqsg.com\/index.php\/wp-json\/wp\/v2\/product"}],"about":[{"href":"https:\/\/www.khoqsg.com\/index.php\/wp-json\/wp\/v2\/types\/product"}],"wp:featuredmedia":[{"embeddable":true,"href":"https:\/\/www.khoqsg.com\/index.php\/wp-json\/wp\/v2\/media\/974"}],"wp:attachment":[{"href":"https:\/\/www.khoqsg.com\/index.php\/wp-json\/wp\/v2\/media?parent=966"}],"wp:term":[{"taxonomy":"product_brand","embeddable":true,"href":"https:\/\/www.khoqsg.com\/index.php\/wp-json\/wp\/v2\/product_brand?post=966"},{"taxonomy":"product_cat","embeddable":true,"href":"https:\/\/www.khoqsg.com\/index.php\/wp-json\/wp\/v2\/product_cat?post=966"},{"taxonomy":"product_tag","embeddable":true,"href":"https:\/\/www.khoqsg.com\/index.php\/wp-json\/wp\/v2\/product_tag?post=966"},{"taxonomy":"product_brands","embeddable":true,"href":"https:\/\/www.khoqsg.com\/index.php\/wp-json\/wp\/v2\/product_brands?post=966"}],"curies":[{"name":"wp","href":"https:\/\/api.w.org\/{rel}","templated":true}]}}