{"id":951,"date":"2026-04-18T13:31:41","date_gmt":"2026-04-18T06:31:41","guid":{"rendered":"https:\/\/www.khoqsg.com\/?post_type=product&#038;p=951"},"modified":"2026-04-20T13:59:07","modified_gmt":"2026-04-20T06:59:07","slug":"ke-goc-tam-giac-hut-chan-khong-de-do-nha-tam","status":"publish","type":"product","link":"https:\/\/www.khoqsg.com\/index.php\/product\/ke-goc-tam-giac-hut-chan-khong-de-do-nha-tam\/","title":{"rendered":"K\u1ec7 g\u00f3c tam gi\u00e1c h\u00fat ch\u00e2n kh\u00f4ng \u0111\u1ec3 \u0111\u1ed3 nh\u00e0 t\u1eafm"},"content":{"rendered":"<ul>\n<li>T\u00ean s\u1ea3n ph\u1ea9m: K\u1ec7 G\u00f3c Tam Gi\u00e1c H\u00fat Ch\u00e2n Kh\u00f4ng \u0110\u1ec3 \u0110\u1ed3 Nh\u00e0 T\u1eafm<\/li>\n<li>S\u1ea3n xu\u1ea5t : Trung Qu\u1ed1c<\/li>\n<li>Ch\u1ea5t li\u1ec7u: Nh\u1ef1a PET cao c\u1ea5p<\/li>\n<li>M\u00e0u s\u1eafc: Tr\u1eafng trong su\u1ed1t \/ X\u00e1m trong su\u1ed1t<\/li>\n<li>K\u00edch th\u01b0\u1edbc: 31x23x4 cm<\/li>\n<li>Tr\u1ecdng l\u01b0\u1ee3ng : 300 gram<\/li>\n<\/ul>\n<p>\u0110\u1eb6C \u0110I\u1ec2M N\u1ed4I B\u1eacT:<\/p>\n<ul>\n<li>Thi\u1ebft k\u1ebf g\u00f3c tam gi\u00e1c ti\u1ebft ki\u1ec7m kh\u00f4ng gian, t\u1ed1i \u01b0u h\u00f3a kh\u00f4ng gian ph\u00f2ng t\u1eafm ho\u1eb7c nh\u00e0 b\u1ebfp.<\/li>\n<li>D\u1ec5 d\u00e0ng l\u1eafp \u0111\u1eb7t v\u1edbi c\u1ed1c h\u00fat ch\u00e2n kh\u00f4ng si\u00eau ch\u1eafc, kh\u00f4ng c\u1ea7n khoan t\u01b0\u1eddng.<\/li>\n<li>L\u1ed7 th\u00e1o n\u01b0\u1edbc th\u00f4ng minh gi\u00fap gi\u1eef cho k\u1ec7 lu\u00f4n kh\u00f4 tho\u00e1ng, s\u1ea1ch s\u1ebd.<\/li>\n<li>Ch\u1ea5t li\u1ec7u PET an to\u00e0n, b\u1ec1n \u0111\u1eb9p, th\u00e2n thi\u1ec7n m\u00f4i tr\u01b0\u1eddng.<\/li>\n<li>Thi\u1ebft k\u1ebf sang tr\u1ecdng, t\u0103ng th\u1ea9m m\u1ef9 kh\u00f4ng gian nh\u00e0 t\u1eafm.<\/li>\n<li>C\u00f3 k\u00e8m m\u00f3c treo \u0111\u1ed3, gi\u00fap t\u1ed1i \u0111a ho\u00e1 c\u00f4ng n\u0103ng l\u01b0u tr\u1eef.<\/li>\n<\/ul>\n<p>G\u1ee2I \u00dd S\u1eec D\u1ee4NG:<\/p>\n<ul>\n<li>D\u00f9ng \u0111\u1ec3 \u0111\u1ef1ng s\u1eefa t\u1eafm, d\u1ea7u g\u1ed9i, x\u00e0 b\u00f4ng, v\u1eadt d\u1ee5ng ph\u00f2ng t\u1eafm.<\/li>\n<li>Th\u00edch h\u1ee3p cho nh\u00e0 t\u1eafm nh\u1ecf, c\u0103n h\u1ed9 chung c\u01b0, nh\u00e0 thu\u00ea.<\/li>\n<\/ul>\n<p>CAM K\u1ebeT T\u1eea SHOP:<\/p>\n<ul>\n<li>Giao h\u00e0ng \u0111\u00fang m\u1eabu, \u0111\u00fang m\u00f4 t\u1ea3<\/li>\n<li>H\u1ed7 tr\u1ee3 \u0111\u1ed5i tr\u1ea3 n\u1ebfu s\u1ea3n ph\u1ea9m l\u1ed7i do nh\u00e0 s\u1ea3n xu\u1ea5t ho\u1eb7c v\u1eadn chuy\u1ec3n<\/li>\n<li>H\u00e0ng lu\u00f4n c\u00f3 s\u1eb5n, ki\u1ec3m tra tr\u01b0\u1edbc khi giao<\/li>\n<li>T\u01b0 v\u1ea5n nhi\u1ec7t t\u00ecnh 24\/7<\/li>\n<\/ul>\n<p>L\u01afU \u00dd: Qu\u00fd kh\u00e1ch vui l\u00f2ng gi\u1eef l\u1ea1i v\u1ecf h\u1ed9p khi nh\u1eadn h\u00e0ng \u0111\u1ec3 \u0111\u1ea3m b\u1ea3o quy\u1ec1n l\u1ee3i khi \u0111\u1ed5i tr\u1ea3.<\/p>\n","protected":false},"excerpt":{"rendered":"<p>Thi\u1ebft k\u1ebf g\u00f3c tam gi\u00e1c ti\u1ebft ki\u1ec7m kh\u00f4ng gian, t\u1ed1i \u01b0u h\u00f3a kh\u00f4ng gian ph\u00f2ng t\u1eafm ho\u1eb7c nh\u00e0 b\u1ebfp.D\u1ec5 d\u00e0ng l\u1eafp \u0111\u1eb7t v\u1edbi c\u1ed1c h\u00fat ch\u00e2n kh\u00f4ng si\u00eau ch\u1eafc, kh\u00f4ng c\u1ea7n khoan t\u01b0\u1eddng.L\u1ed7 th\u00e1o n\u01b0\u1edbc th\u00f4ng minh gi\u00fap gi\u1eef cho k\u1ec7 lu\u00f4n kh\u00f4 tho\u00e1ng, s\u1ea1ch s\u1ebd.<\/p>\n","protected":false},"featured_media":963,"template":"","meta":{"_bst_post_transparent":"default","_bst_post_title":"","_bst_post_layout":"default","_bst_post_sidebar_id":"","_bst_post_content_style":"default","_bst_post_vertical_padding":"default","_bst_post_feature":"","_bst_post_feature_position":"","_bst_post_header":false,"_bst_post_footer":false},"product_brand":[],"product_cat":[80,79,98],"product_tag":[],"product_brands":[],"class_list":{"0":"post-951","1":"product","2":"type-product","3":"status-publish","4":"has-post-thumbnail","6":"product_cat-nha-bep","7":"product_cat-nha-tam","8":"product_cat-tien-ich-doi-song","10":"first","11":"instock","12":"taxable","13":"shipping-taxable","14":"purchasable","15":"product-type-variable","16":"entry","17":"content-bg","18":"loop-entry"},"_links":{"self":[{"href":"https:\/\/www.khoqsg.com\/index.php\/wp-json\/wp\/v2\/product\/951","targetHints":{"allow":["GET"]}}],"collection":[{"href":"https:\/\/www.khoqsg.com\/index.php\/wp-json\/wp\/v2\/product"}],"about":[{"href":"https:\/\/www.khoqsg.com\/index.php\/wp-json\/wp\/v2\/types\/product"}],"wp:featuredmedia":[{"embeddable":true,"href":"https:\/\/www.khoqsg.com\/index.php\/wp-json\/wp\/v2\/media\/963"}],"wp:attachment":[{"href":"https:\/\/www.khoqsg.com\/index.php\/wp-json\/wp\/v2\/media?parent=951"}],"wp:term":[{"taxonomy":"product_brand","embeddable":true,"href":"https:\/\/www.khoqsg.com\/index.php\/wp-json\/wp\/v2\/product_brand?post=951"},{"taxonomy":"product_cat","embeddable":true,"href":"https:\/\/www.khoqsg.com\/index.php\/wp-json\/wp\/v2\/product_cat?post=951"},{"taxonomy":"product_tag","embeddable":true,"href":"https:\/\/www.khoqsg.com\/index.php\/wp-json\/wp\/v2\/product_tag?post=951"},{"taxonomy":"product_brands","embeddable":true,"href":"https:\/\/www.khoqsg.com\/index.php\/wp-json\/wp\/v2\/product_brands?post=951"}],"curies":[{"name":"wp","href":"https:\/\/api.w.org\/{rel}","templated":true}]}}