{"id":913,"date":"2026-04-18T10:45:26","date_gmt":"2026-04-18T03:45:26","guid":{"rendered":"https:\/\/www.khoqsg.com\/?post_type=product&#038;p=913"},"modified":"2026-04-20T14:03:08","modified_gmt":"2026-04-20T07:03:08","slug":"thanh-xop-chan-khe-cua-chong-con-trung-bui-ban-tieng-on-thoat-hoi-lanh-dieu-hoa","status":"publish","type":"product","link":"https:\/\/www.khoqsg.com\/index.php\/product\/thanh-xop-chan-khe-cua-chong-con-trung-bui-ban-tieng-on-thoat-hoi-lanh-dieu-hoa\/","title":{"rendered":"Thanh x\u1ed1p ch\u1eb7n khe c\u1eeda ch\u1ed1ng c\u00f4n tr\u00f9ng, b\u1ee5i b\u1ea9n, ti\u1ebfng \u1ed3n, tho\u00e1t h\u01a1i l\u1ea1nh \u0111i\u1ec1u h\u00f2a"},"content":{"rendered":"<ul>\n<li>Thanh N\u1eb9p M\u00fat X\u1ed1p 93 CM Ch\u1eb7n Khe C\u1eeda Ch\u1ed1ng C\u00f4n Tr\u00f9ng, Ti\u1ebfng \u1ed2n, Gi\u00f3 L\u00f9a, Gi\u00f3 \u0110i\u1ec1u H\u00f2a, B\u1ee5i B\u1ea9n<\/li>\n<li>T\u00ean s\u1ea3n ph\u1ea9m: N\u1eb9p m\u00fat x\u1ed1p ch\u1eb7n khe c\u1eeda 93 cm<\/li>\n<li>S\u1ea3n xu\u1ea5t : Trung Qu\u1ed1c<\/li>\n<li>Ch\u1ea5t li\u1ec7u: X\u1ed1p \u0111\u1eb7c + v\u1ea3i EPE ph\u1ee7 1 m\u1eb7t<\/li>\n<li>\u0110\u01b0\u1eddng k\u00ednh x\u1ed1p tr\u00f2n: 3cm<\/li>\n<li>Kho\u1ea3ng c\u00e1ch gi\u1eefa 2 c\u1ee5c x\u1ed1p tr\u00f2n: T\u1ed1i \u0111a 4.5cm<\/li>\n<li>Tr\u1ecdng l\u01b0\u1ee3ng : 50 gram<\/li>\n<li>M\u00e0u s\u1eafc: N\u00e2u, x\u00e1m, \u0111en, tr\u1eafng<\/li>\n<\/ul>\n<p>\u01afU \u0110I\u1ec2M C\u1ee6A S\u1ea2N PH\u1ea8M:<\/p>\n<ul>\n<li>L\u00e0m k\u00edn khe c\u1eeda, ch\u1eafn gi\u00f3, b\u1ee5i, ng\u0103n c\u00f4n tr\u00f9ng x\u00e2m nh\u1eadp, gi\u1eef nh\u00e0 c\u1eeda s\u1ea1ch s\u1ebd<\/li>\n<li>Tr\u00e1nh tho\u00e1t h\u01a1i, ti\u1ebft ki\u1ec7m \u0111i\u1ec7n n\u0103ng cho ph\u00f2ng d\u00f9ng m\u00e1y l\u1ea1nh.<\/li>\n<li>Gi\u1ea3m ti\u1ebfng \u1ed3n, gi\u1ea3m l\u1ef1c t\u00e1c \u0111\u1ed9ng c\u1ee7a vi\u1ec7c m\u1edf \u0111\u00f3ng c\u1eeda v\u00e0 \u00e2m thanh ph\u00e1t ra trong qu\u00e1 tr\u00ecnh va ch\u1ea1m.<\/li>\n<li>D\u1ec5 d\u00e0ng c\u1eaft ng\u1eafn trong tr\u01b0\u1eddng h\u1ee3p c\u1ea7n thi\u1ebft m\u00e0 kh\u00f4ng \u1ea3nh h\u01b0\u1edfng m\u1ef9 quan s\u1ea3n ph\u1ea9m.<\/li>\n<li>Tr\u00e1nh k\u1eb9t ch\u00e2n b\u00e9 khi b\u00e9 v\u00f4 t\u00ecnh k\u00e9o c\u1eeda.<\/li>\n<li>S\u1ea3n ph\u1ea9m b\u1eb1ng x\u1ed1p \u0111\u1eb7c, \u0111\u1ed9 \u0111\u00e0n h\u1ed3i cao, \u0111\u01b0\u1ee3c ph\u1ee7 l\u1edbp v\u1ea3i EPE m\u1ed9t m\u1eb7t. D\u1ec5 d\u00e0ng l\u1eafp \u0111\u1eb7t, kh\u00f4ng c\u1ea7n d\u00f9ng keo d\u00e1n. C\u00f3 th\u1ec3 d\u00f9ng \u0111\u01b0\u1ee3c hai m\u1eb7t.<\/li>\n<li>N\u1eb9p c\u1eeda ch\u1eafn gi\u00f3 l\u00f9a khe c\u1eeda, h\u1ea1n ch\u1ebf tho\u00e1t nhi\u1ec7t v\u00e0o m\u00f9a h\u00e8 v\u00e0 gi\u1eef \u1ea5m ph\u00f2ng v\u00e0o m\u00f9a \u0111\u00f4ng. S\u1ea3n ph\u1ea9m c\u1ef1c k\u1ef3 h\u1eefu \u00edch cho gia \u0111\u00ecnh, ti\u1ebft ki\u1ec7m \u0111i\u1ec7n n\u0103ng.<\/li>\n<\/ul>\n","protected":false},"excerpt":{"rendered":"<p>S\u1ea3n ph\u1ea9m b\u1eb1ng x\u1ed1p \u0111\u1eb7c, \u0111\u1ed9 \u0111\u00e0n h\u1ed3i cao, \u0111\u01b0\u1ee3c ph\u1ee7 l\u1edbp v\u1ea3i EPE m\u1ed9t m\u1eb7t. D\u1ec5 d\u00e0ng l\u1eafp \u0111\u1eb7t, kh\u00f4ng c\u1ea7n d\u00f9ng keo d\u00e1n. C\u00f3 th\u1ec3 d\u00f9ng \u0111\u01b0\u1ee3c hai m\u1eb7t.<\/p>\n","protected":false},"featured_media":915,"template":"","meta":{"_bst_post_transparent":"default","_bst_post_title":"","_bst_post_layout":"default","_bst_post_sidebar_id":"","_bst_post_content_style":"default","_bst_post_vertical_padding":"default","_bst_post_feature":"","_bst_post_feature_position":"","_bst_post_header":false,"_bst_post_footer":false},"product_brand":[],"product_cat":[81,98,76],"product_tag":[],"product_brands":[],"class_list":{"0":"post-913","1":"product","2":"type-product","3":"status-publish","4":"has-post-thumbnail","6":"product_cat-phong-ngu","7":"product_cat-tien-ich-doi-song","8":"product_cat-van-phong-hoc-tap","10":"first","11":"instock","12":"taxable","13":"shipping-taxable","14":"purchasable","15":"product-type-variable","16":"entry","17":"content-bg","18":"loop-entry"},"_links":{"self":[{"href":"https:\/\/www.khoqsg.com\/index.php\/wp-json\/wp\/v2\/product\/913","targetHints":{"allow":["GET"]}}],"collection":[{"href":"https:\/\/www.khoqsg.com\/index.php\/wp-json\/wp\/v2\/product"}],"about":[{"href":"https:\/\/www.khoqsg.com\/index.php\/wp-json\/wp\/v2\/types\/product"}],"wp:featuredmedia":[{"embeddable":true,"href":"https:\/\/www.khoqsg.com\/index.php\/wp-json\/wp\/v2\/media\/915"}],"wp:attachment":[{"href":"https:\/\/www.khoqsg.com\/index.php\/wp-json\/wp\/v2\/media?parent=913"}],"wp:term":[{"taxonomy":"product_brand","embeddable":true,"href":"https:\/\/www.khoqsg.com\/index.php\/wp-json\/wp\/v2\/product_brand?post=913"},{"taxonomy":"product_cat","embeddable":true,"href":"https:\/\/www.khoqsg.com\/index.php\/wp-json\/wp\/v2\/product_cat?post=913"},{"taxonomy":"product_tag","embeddable":true,"href":"https:\/\/www.khoqsg.com\/index.php\/wp-json\/wp\/v2\/product_tag?post=913"},{"taxonomy":"product_brands","embeddable":true,"href":"https:\/\/www.khoqsg.com\/index.php\/wp-json\/wp\/v2\/product_brands?post=913"}],"curies":[{"name":"wp","href":"https:\/\/api.w.org\/{rel}","templated":true}]}}