{"id":873,"date":"2026-04-18T09:55:58","date_gmt":"2026-04-18T02:55:58","guid":{"rendered":"https:\/\/www.khoqsg.com\/?post_type=product&#038;p=873"},"modified":"2026-04-20T14:06:14","modified_gmt":"2026-04-20T07:06:14","slug":"ke-but-my-pham-de-ban-kem-ong-xoay-360-ngan-keo","status":"publish","type":"product","link":"https:\/\/www.khoqsg.com\/index.php\/product\/ke-but-my-pham-de-ban-kem-ong-xoay-360-ngan-keo\/","title":{"rendered":"K\u1ec7 b\u00fat, m\u1ef9 ph\u1ea9m \u0111\u1ec3 b\u00e0n &#8211; k\u00e8m \u1ed1ng xoay 360\u00b0, ng\u0103n k\u00e9o"},"content":{"rendered":"<ul>\n<li>T\u00ean s\u1ea3n ph\u1ea9m: H\u1ed9p B\u00fat \u0110\u1ec3 B\u00e0n Xoay 360\u00b0 K\u00e8m Ng\u0103n K\u00e9o \u2013 Gi\u00e1 \u0110\u1ef1ng M\u1ef9 Ph\u1ea9m &amp; C\u1ecd Makeup \u0110a N\u0103ng<\/li>\n<li>S\u1ea3n xu\u1ea5t : Trung Qu\u1ed1c<\/li>\n<li>Ch\u1ea5t li\u1ec7u: Nh\u1ef1a ABS cao c\u1ea5p \u2013 b\u1ec1n \u0111\u1eb9p, d\u1ec5 v\u1ec7 sinh<\/li>\n<li>M\u00e0u s\u1eafc: Tr\u1eafng \/ Kem<\/li>\n<li>K\u00edch th\u01b0\u1edbc: 23 x 12 x 13 cm<\/li>\n<li>Tr\u1ecdng l\u01b0\u1ee3ng : 300 gram<\/li>\n<li>C\u00f4ng d\u1ee5ng: \u0110\u1ef1ng b\u00fat, c\u1ecd trang \u0111i\u1ec3m, m\u1ef9 ph\u1ea9m, \u0111\u1ed3 v\u0103n ph\u00f2ng, decor<\/li>\n<li>\u0110\u00f3ng g\u00f3i g\u1ed3m: 1 k\u1ec7 xoay 360\u00b0 + 2 ng\u0103n k\u00e9o + 1 \u1ed1ng b\u00fat tr\u00f2n<\/li>\n<\/ul>\n<p>\u01afU \u0110I\u1ec2M N\u1ed4I B\u1eacT:<\/p>\n<ul>\n<li>Xoay 360\u00b0 ti\u1ec7n d\u1ee5ng: D\u1ec5 d\u00e0ng l\u1ea5y \u0111\u1ed3 \u1edf m\u1ecdi v\u1ecb tr\u00ed m\u00e0 kh\u00f4ng c\u1ea7n di chuy\u1ec3n h\u1ed9p, ti\u1ebft ki\u1ec7m th\u1eddi gian<\/li>\n<li>Ng\u0103n k\u00e9o r\u1ed9ng r\u00e3i: L\u01b0u tr\u1eef g\u1ecdn g\u00e0ng b\u00fat, c\u1ecd makeup, m\u1ef9 ph\u1ea9m, th\u01b0\u1edbc, \u0111\u1ed3 v\u0103n ph\u00f2ng nh\u1ecf<\/li>\n<li>Ch\u1ea5t li\u1ec7u cao c\u1ea5p: Nh\u1ef1a ABS b\u1ec1n \u0111\u1eb9p, ch\u1ed1ng va \u0111\u1eadp, d\u1ec5 v\u1ec7 sinh, d\u00f9ng l\u00e2u v\u1eabn nh\u01b0 m\u1edbi<\/li>\n<li>Thi\u1ebft k\u1ebf hi\u1ec7n \u0111\u1ea1i: Ki\u1ec3u d\u00e1ng nh\u1ecf g\u1ecdn, sang tr\u1ecdng, ph\u00f9 h\u1ee3p b\u00e0n h\u1ecdc, b\u00e0n l\u00e0m vi\u1ec7c, b\u00e0n trang \u0111i\u1ec3m<\/li>\n<li>Ti\u1ebft ki\u1ec7m kh\u00f4ng gian: Ch\u1ee9a \u0111\u01b0\u1ee3c nhi\u1ec1u \u0111\u1ed3 m\u00e0 kh\u00f4ng chi\u1ebfm di\u1ec7n t\u00edch, gi\u00fap b\u00e0n g\u1ecdn g\u00e0ng h\u01a1n<\/li>\n<\/ul>\n<p>G\u1ee2I \u00dd S\u1eec D\u1ee4NG:<\/p>\n<ul>\n<li>\u0110\u1ec3 b\u00fat, th\u01b0\u1edbc, \u0111\u1ed3 v\u0103n ph\u00f2ng t\u1ea1i b\u00e0n l\u00e0m vi\u1ec7c<\/li>\n<li>S\u1eafp x\u1ebfp c\u1ecd makeup, m\u1ef9 ph\u1ea9m g\u1ecdn g\u00e0ng t\u1ea1i b\u00e0n trang \u0111i\u1ec3m<\/li>\n<li>Trang tr\u00ed g\u00f3c h\u1ecdc t\u1eadp, l\u00e0m vi\u1ec7c ho\u1eb7c ph\u00f2ng ng\u1ee7<\/li>\n<li>S\u1eed d\u1ee5ng trong v\u0103n ph\u00f2ng, studio, ti\u1ec7m nail, spa<\/li>\n<\/ul>\n<p>CAM K\u1ebeT:<\/p>\n<ul>\n<li>H\u00e0ng \u0111\u00fang m\u00f4 t\u1ea3 \u2013 h\u00ecnh th\u1eadt 100%<\/li>\n<li>\u0110\u00f3ng g\u00f3i c\u1ea9n th\u1eadn \u2013 giao m\u00e0u theo y\u00eau c\u1ea7u<\/li>\n<li>H\u1ed7 tr\u1ee3 \u0111\u1ed5i tr\u1ea3 n\u1ebfu s\u1ea3n ph\u1ea9m l\u1ed7i, v\u1ee1<\/li>\n<\/ul>\n","protected":false},"excerpt":{"rendered":"<p>\u0110\u1ef1ng b\u00fat, c\u1ecd trang \u0111i\u1ec3m, m\u1ef9 ph\u1ea9m, \u0111\u1ed3 v\u0103n ph\u00f2ng, decor.Xoay 360\u00b0 ti\u1ec7n d\u1ee5ng: D\u1ec5 d\u00e0ng l\u1ea5y \u0111\u1ed3 \u1edf m\u1ecdi v\u1ecb tr\u00ed m\u00e0 kh\u00f4ng c\u1ea7n di chuy\u1ec3n h\u1ed9p, ti\u1ebft ki\u1ec7m th\u1eddi gian<\/p>\n","protected":false},"featured_media":874,"template":"","meta":{"_bst_post_transparent":"default","_bst_post_title":"","_bst_post_layout":"default","_bst_post_sidebar_id":"","_bst_post_content_style":"default","_bst_post_vertical_padding":"default","_bst_post_feature":"","_bst_post_feature_position":"","_bst_post_header":false,"_bst_post_footer":false},"product_brand":[],"product_cat":[98,76],"product_tag":[],"product_brands":[],"class_list":{"0":"post-873","1":"product","2":"type-product","3":"status-publish","4":"has-post-thumbnail","6":"product_cat-tien-ich-doi-song","7":"product_cat-van-phong-hoc-tap","9":"first","10":"instock","11":"featured","12":"taxable","13":"shipping-taxable","14":"purchasable","15":"product-type-variable","16":"entry","17":"content-bg","18":"loop-entry"},"_links":{"self":[{"href":"https:\/\/www.khoqsg.com\/index.php\/wp-json\/wp\/v2\/product\/873","targetHints":{"allow":["GET"]}}],"collection":[{"href":"https:\/\/www.khoqsg.com\/index.php\/wp-json\/wp\/v2\/product"}],"about":[{"href":"https:\/\/www.khoqsg.com\/index.php\/wp-json\/wp\/v2\/types\/product"}],"wp:featuredmedia":[{"embeddable":true,"href":"https:\/\/www.khoqsg.com\/index.php\/wp-json\/wp\/v2\/media\/874"}],"wp:attachment":[{"href":"https:\/\/www.khoqsg.com\/index.php\/wp-json\/wp\/v2\/media?parent=873"}],"wp:term":[{"taxonomy":"product_brand","embeddable":true,"href":"https:\/\/www.khoqsg.com\/index.php\/wp-json\/wp\/v2\/product_brand?post=873"},{"taxonomy":"product_cat","embeddable":true,"href":"https:\/\/www.khoqsg.com\/index.php\/wp-json\/wp\/v2\/product_cat?post=873"},{"taxonomy":"product_tag","embeddable":true,"href":"https:\/\/www.khoqsg.com\/index.php\/wp-json\/wp\/v2\/product_tag?post=873"},{"taxonomy":"product_brands","embeddable":true,"href":"https:\/\/www.khoqsg.com\/index.php\/wp-json\/wp\/v2\/product_brands?post=873"}],"curies":[{"name":"wp","href":"https:\/\/api.w.org\/{rel}","templated":true}]}}