{"id":844,"date":"2026-04-18T06:45:20","date_gmt":"2026-04-17T23:45:20","guid":{"rendered":"https:\/\/www.khoqsg.com\/?post_type=product&#038;p=844"},"modified":"2026-04-20T14:07:27","modified_gmt":"2026-04-20T07:07:27","slug":"tham-lau-chan-hoa-tiet-tham-hut-tot-chong-truot","status":"publish","type":"product","link":"https:\/\/www.khoqsg.com\/index.php\/product\/tham-lau-chan-hoa-tiet-tham-hut-tot-chong-truot\/","title":{"rendered":"Th\u1ea3m lau ch\u00e2n h\u1ecda ti\u1ebft &#8211; th\u1ea5m h\u00fat t\u1ed1t &#8211; ch\u1ed1ng tr\u01b0\u1ee3t"},"content":{"rendered":"<ul>\n<li>T\u00ean s\u1ea3n ph\u1ea9m: Th\u1ea3m lau ch\u00e2n th\u1ea5m h\u00fat h\u00ecnh th\u00fa ch\u1ed1ng tr\u01b0\u1ee3t<\/li>\n<li>S\u1ea3n xu\u1ea5t : Trung Qu\u1ed1c<\/li>\n<li>K\u00edch th\u01b0\u1edbc: 40 x 60 cm<\/li>\n<li>Tr\u1ecdng l\u01b0\u1ee3ng : 100 gram<\/li>\n<li>\u0110\u1ed9 d\u00e0y: 0.8 cm<\/li>\n<li>M\u00e0u s\u1eafc: nhi\u1ec1u m\u1eabu \u0111a d\u1ea1ng<\/li>\n<li>Ch\u1ea5t li\u1ec7u: B\u1ec1 m\u1eb7t s\u1ee3i th\u00f4 + m\u1eb7t \u0111\u00e1y cao su s\u1ea7n ch\u1ed1ng tr\u01b0\u1ee3t<\/li>\n<\/ul>\n<p>\u0110\u1eb6C \u0110I\u1ec2M N\u1ed4I B\u1eacT:<\/p>\n<ul>\n<li>Gi\u1eef b\u1ee5i c\u1ef1c t\u1ed1t: B\u1ec1 m\u1eb7t s\u1ee3i th\u00f4 gi\u00fap gi\u1eef l\u1ea1i b\u1ee5i b\u1ea9n, \u0111\u1ea5t c\u00e1t t\u1eeb gi\u00e0y d\u00e9p hi\u1ec7u qu\u1ea3, gi\u00fap s\u00e0n nh\u00e0 lu\u00f4n s\u1ea1ch s\u1ebd.<\/li>\n<li>Ch\u1ed1ng tr\u01a1n tr\u01b0\u1ee3t: M\u1eb7t \u0111\u00e1y cao su s\u1ea7n t\u0103ng ma s\u00e1t, b\u00e1m ch\u1eafc v\u00e0o s\u00e0n, h\u1ea1n ch\u1ebf tr\u01b0\u1ee3t khi d\u1eabm l\u00ean.<\/li>\n<li>\u0110\u1ed9 b\u1ec1n cao: Th\u1ea3m d\u00e0y d\u1eb7n, ch\u1eafc ch\u1eafn, s\u1eed d\u1ee5ng l\u00e2u d\u00e0i, kh\u00f4ng d\u1ec5 b\u1ecb x\u1eb9p hay bong tr\u00f3c.<\/li>\n<li>Thi\u1ebft k\u1ebf \u0111\u1eb9p m\u1eaft: H\u1ecda ti\u1ebft t\u1ea1o \u0111i\u1ec3m nh\u1ea5n cho kh\u00f4ng gian c\u1eeda ra v\u00e0o.<\/li>\n<\/ul>\n<p>\u1ee8NG D\u1ee4NG PH\u00d9 H\u1ee2P:<\/p>\n<ul>\n<li>\u0110\u1eb7t t\u1ea1i c\u1eeda ra v\u00e0o nh\u00e0, ph\u00f2ng kh\u00e1ch \u2026<\/li>\n<li>L\u1ed1i v\u00e0o h\u00e0nh lang, ban c\u00f4ng, c\u1eeda l\u00f4 gia<\/li>\n<li>Nh\u1eefng khu v\u1ef1c kh\u00f4 r\u00e1o c\u00f3 m\u1eadt \u0111\u1ed9 \u0111i l\u1ea1i nhi\u1ec1u<\/li>\n<\/ul>\n<p>H\u01af\u1edaNG D\u1eaaN S\u1eec D\u1ee4NG &amp; B\u1ea2O QU\u1ea2N:<\/p>\n<ul>\n<li>Gi\u0169 b\u1ee5i ho\u1eb7c h\u00fat b\u1ee5i th\u1ea3m \u0111\u1ecbnh k\u1ef3 \u0111\u1ec3 gi\u1eef th\u1ea3m s\u1ea1ch<\/li>\n<li>C\u00f3 th\u1ec3 gi\u1eb7t nh\u1eb9 v\u00e0 ph\u01a1i kh\u00f4 t\u1ef1 nhi\u00ean<\/li>\n<li>Tr\u00e1nh \u0111\u1eb7t th\u1ea3m \u1edf n\u01a1i ng\u1eadp n\u01b0\u1edbc l\u00e2u ng\u00e0y<\/li>\n<\/ul>\n<p>CAM K\u1ebeT:<\/p>\n<ul>\n<li>H\u00e0ng \u0111\u00fang m\u00f4 t\u1ea3 \u2013 h\u00ecnh \u1ea3nh th\u1eadt<\/li>\n<li>H\u1ed7 tr\u1ee3 \u0111\u1ed5i tr\u1ea3 n\u1ebfu l\u1ed7i t\u1eeb nh\u00e0 s\u1ea3n xu\u1ea5t \/ v\u1eadn chuy\u1ec3n<\/li>\n<li>Giao h\u00e0ng to\u00e0n qu\u1ed1c<\/li>\n<\/ul>\n","protected":false},"excerpt":{"rendered":"<p>B\u1ec1 m\u1eb7t s\u1ee3i th\u00f4 gi\u00fap gi\u1eef l\u1ea1i b\u1ee5i b\u1ea9n, \u0111\u1ea5t c\u00e1t t\u1eeb gi\u00e0y d\u00e9p hi\u1ec7u qu\u1ea3, gi\u00fap s\u00e0n nh\u00e0 lu\u00f4n s\u1ea1ch s\u1ebd.M\u1eb7t \u0111\u00e1y cao su s\u1ea7n t\u0103ng ma s\u00e1t, b\u00e1m ch\u1eafc v\u00e0o s\u00e0n, h\u1ea1n ch\u1ebf tr\u01b0\u1ee3t khi d\u1eabm l\u00ean.Th\u1ea3m d\u00e0y d\u1eb7n, ch\u1eafc ch\u1eafn, s\u1eed d\u1ee5ng l\u00e2u d\u00e0i, kh\u00f4ng d\u1ec5 b\u1ecb x\u1eb9p hay bong tr\u00f3c.<\/p>\n","protected":false},"featured_media":856,"template":"","meta":{"_bst_post_transparent":"default","_bst_post_title":"","_bst_post_layout":"default","_bst_post_sidebar_id":"","_bst_post_content_style":"default","_bst_post_vertical_padding":"default","_bst_post_feature":"","_bst_post_feature_position":"","_bst_post_header":false,"_bst_post_footer":false},"product_brand":[],"product_cat":[80,79,81],"product_tag":[],"product_brands":[],"class_list":{"0":"post-844","1":"product","2":"type-product","3":"status-publish","4":"has-post-thumbnail","6":"product_cat-nha-bep","7":"product_cat-nha-tam","8":"product_cat-phong-ngu","10":"first","11":"instock","12":"taxable","13":"shipping-taxable","14":"purchasable","15":"product-type-simple","16":"entry","17":"content-bg","18":"loop-entry"},"_links":{"self":[{"href":"https:\/\/www.khoqsg.com\/index.php\/wp-json\/wp\/v2\/product\/844","targetHints":{"allow":["GET"]}}],"collection":[{"href":"https:\/\/www.khoqsg.com\/index.php\/wp-json\/wp\/v2\/product"}],"about":[{"href":"https:\/\/www.khoqsg.com\/index.php\/wp-json\/wp\/v2\/types\/product"}],"wp:featuredmedia":[{"embeddable":true,"href":"https:\/\/www.khoqsg.com\/index.php\/wp-json\/wp\/v2\/media\/856"}],"wp:attachment":[{"href":"https:\/\/www.khoqsg.com\/index.php\/wp-json\/wp\/v2\/media?parent=844"}],"wp:term":[{"taxonomy":"product_brand","embeddable":true,"href":"https:\/\/www.khoqsg.com\/index.php\/wp-json\/wp\/v2\/product_brand?post=844"},{"taxonomy":"product_cat","embeddable":true,"href":"https:\/\/www.khoqsg.com\/index.php\/wp-json\/wp\/v2\/product_cat?post=844"},{"taxonomy":"product_tag","embeddable":true,"href":"https:\/\/www.khoqsg.com\/index.php\/wp-json\/wp\/v2\/product_tag?post=844"},{"taxonomy":"product_brands","embeddable":true,"href":"https:\/\/www.khoqsg.com\/index.php\/wp-json\/wp\/v2\/product_brands?post=844"}],"curies":[{"name":"wp","href":"https:\/\/api.w.org\/{rel}","templated":true}]}}