{"id":828,"date":"2026-04-17T14:17:49","date_gmt":"2026-04-17T07:17:49","guid":{"rendered":"https:\/\/www.khoqsg.com\/?post_type=product&#038;p=828"},"modified":"2026-04-17T14:19:12","modified_gmt":"2026-04-17T07:19:12","slug":"quat-tich-dien-mini-cam-tay-sac-dien-hoa-tiet-bong-hoa-xinh-xan","status":"publish","type":"product","link":"https:\/\/www.khoqsg.com\/index.php\/product\/quat-tich-dien-mini-cam-tay-sac-dien-hoa-tiet-bong-hoa-xinh-xan\/","title":{"rendered":"Qu\u1ea1t t\u00edch \u0111i\u1ec7n mini c\u1ea7m tay, s\u1ea1c \u0111i\u1ec7n &#8211; h\u1ecda ti\u1ebft b\u00f4ng hoa xinh x\u1eafn"},"content":{"rendered":"<ul>\n<li>T\u00ean s\u1ea3n ph\u1ea9m: Qu\u1ea1t T\u00edch \u0110i\u1ec7n Mini C\u1ea7m Tay Gi\u00f3 M\u1ea1nh H\u1ecda Ti\u1ebft B\u00f4ng Hoa Xinh X\u1eafn &#8211; Qu\u1ea1t T\u00edch \u0110i\u1ec7n Mini S\u1ea1c USB Nh\u1ecf G\u1ecdn, Ti\u1ec7n L\u1ee3i C\u00f3 D\u00e2y Treo K\u00e8m Stiker<\/li>\n<li>S\u1ea3n xu\u1ea5t : Trung Qu\u1ed1c<\/li>\n<li>Tr\u1ecdng l\u01b0\u1ee3ng : 100gram<\/li>\n<li>K\u00edch th\u01b0\u1edbc s\u1ea3n ph\u1ea9m: 15 cm x 8 cm x 4,5 cm<\/li>\n<li>Ch\u1ea5t li\u1ec7u: ABS + PP cao c\u1ea5p<\/li>\n<li>M\u00e0u s\u1eafc: T\u00edm, H\u1ed3ng, Xanh l\u00e1, V\u00e0ng<\/li>\n<li>Pin:1000- 1200mAh<\/li>\n<li>Ngu\u1ed3n \u0111i\u1ec7n: 0.3-0.5A<\/li>\n<li>C\u00f4ng su\u1ea5t: 1.5W<\/li>\n<\/ul>\n<p>\u01afU \u0110I\u1ec2M C\u1ee6A S\u1ea2N PH\u1ea8M:<\/p>\n<ul>\n<li>Khu\u00f4n qu\u1ea1t \u0111\u01b0\u1ee3c \u0111\u00fac kh\u1ed1i, ch\u1eafc ch\u1eafn: Qu\u1ea1t c\u00f3 khu\u00f4n l\u00e0m t\u1eeb nh\u1ef1a PP + ABS cao c\u1ea5p, gi\u00fap s\u1ea3n ph\u1ea9m c\u1ee9ng c\u00e1p v\u00e0 b\u1ec1n b\u1ec9. Ch\u1ec9 c\u1ea7n th\u00e1o n\u1eafp ph\u00eda tr\u01b0\u1edbc \u0111\u1ec3 v\u1ec7 sinh c\u00e1nh qu\u1ea1t, r\u1ea5t d\u1ec5 d\u00e0ng b\u1ea3o tr\u00ec.<\/li>\n<li>\u0110\u1ed9ng c\u01a1 m\u1ea1nh m\u1ebd, b\u1ec1n b\u1ec9: Motor c\u1ee7a qu\u1ea1t c\u00f3 l\u00f5i d\u00e2y \u0111\u1ed3ng l\u1edbn, gi\u00fap \u0111\u1ed9ng c\u01a1 ho\u1ea1t \u0111\u1ed9ng m\u1ea1nh m\u1ebd v\u00e0 b\u1ec1n l\u00e2u h\u01a1n, mang l\u1ea1i hi\u1ec7u qu\u1ea3 l\u00e0m m\u00e1t \u1ed5n \u0111\u1ecbnh.<\/li>\n<li>Pin Lithium-ion dung l\u01b0\u1ee3ng l\u1edbn: Pin 1000-1200mAh c\u00f3 tu\u1ed5i th\u1ecd cao, gi\u00fap qu\u1ea1t ho\u1ea1t \u0111\u1ed9ng l\u00e2u h\u01a1n m\u00e0 kh\u00f4ng c\u1ea7n thay pin th\u01b0\u1eddng xuy\u00ean nh\u01b0 c\u00e1c lo\u1ea1i qu\u1ea1t s\u1eed d\u1ee5ng pin kh\u00e1c. Lo\u1ea1i pin n\u00e0y c\u0169ng an to\u00e0n h\u01a1n v\u00e0 l\u01b0u tr\u1eef n\u0103ng l\u01b0\u1ee3ng t\u1ed1t h\u01a1n.<\/li>\n<li>Thi\u1ebft k\u1ebf ti\u1ec7n l\u1ee3i v\u00e0 d\u1ec5 mang theo: Qu\u1ea1t nh\u1ecf g\u1ecdn, nh\u1eb9, d\u1ec5 d\u00e0ng c\u1ea7m trong tay v\u00e0 c\u00f3 th\u1ec3 mang theo m\u1ecdi l\u00fac m\u1ecdi n\u01a1i. \u0110i\u1ec1u n\u00e0y r\u1ea5t h\u1eefu \u00edch trong c\u00e1c chuy\u1ebfn \u0111i hay khi c\u1ea7n l\u00e0m m\u00e1t nhanh ch\u00f3ng.<\/li>\n<li>Ho\u1ea1t \u0111\u1ed9ng \u00eam \u00e1i, t\u1ea1o gi\u00f3 m\u1ea1nh: Qu\u1ea1t v\u1eadn h\u00e0nh \u00eam nh\u1eb9, nh\u01b0ng v\u1eabn t\u1ea1o ra lu\u1ed3ng gi\u00f3 m\u1ea1nh m\u1ebd \u0111\u1ec3 l\u00e0m m\u00e1t trong nh\u1eefng ng\u00e0y h\u00e8 oi \u1ea3. \u0110\u1eb7c bi\u1ec7t, khi c\u00f3 s\u1ef1 c\u1ed1 m\u1ea5t \u0111i\u1ec7n gi\u1eefa \u0111\u00eam, qu\u1ea1t c\u1ea7m tay l\u00e0 m\u1ed9t tr\u1ee3 th\u1ee7 \u0111\u1eafc l\u1ef1c.<\/li>\n<\/ul>\n","protected":false},"excerpt":{"rendered":"<p>Khu\u00f4n qu\u1ea1t \u0111\u01b0\u1ee3c \u0111\u00fac kh\u1ed1i, ch\u1eafc ch\u1eafn: Qu\u1ea1t c\u00f3 khu\u00f4n l\u00e0m t\u1eeb nh\u1ef1a PP + ABS cao c\u1ea5p, gi\u00fap s\u1ea3n ph\u1ea9m c\u1ee9ng c\u00e1p v\u00e0 b\u1ec1n b\u1ec9. Ch\u1ec9 c\u1ea7n th\u00e1o n\u1eafp ph\u00eda tr\u01b0\u1edbc \u0111\u1ec3 v\u1ec7 sinh c\u00e1nh qu\u1ea1t, r\u1ea5t d\u1ec5 d\u00e0ng b\u1ea3o tr\u00ec.<\/p>\n","protected":false},"featured_media":840,"template":"","meta":{"_bst_post_transparent":"default","_bst_post_title":"","_bst_post_layout":"default","_bst_post_sidebar_id":"","_bst_post_content_style":"default","_bst_post_vertical_padding":"default","_bst_post_feature":"","_bst_post_feature_position":"","_bst_post_header":false,"_bst_post_footer":false},"product_brand":[],"product_cat":[98,76],"product_tag":[],"product_brands":[],"class_list":{"0":"post-828","1":"product","2":"type-product","3":"status-publish","4":"has-post-thumbnail","6":"product_cat-tien-ich-doi-song","7":"product_cat-van-phong-hoc-tap","9":"first","10":"instock","11":"taxable","12":"shipping-taxable","13":"product-type-variable","14":"entry","15":"content-bg","16":"loop-entry"},"_links":{"self":[{"href":"https:\/\/www.khoqsg.com\/index.php\/wp-json\/wp\/v2\/product\/828","targetHints":{"allow":["GET"]}}],"collection":[{"href":"https:\/\/www.khoqsg.com\/index.php\/wp-json\/wp\/v2\/product"}],"about":[{"href":"https:\/\/www.khoqsg.com\/index.php\/wp-json\/wp\/v2\/types\/product"}],"wp:featuredmedia":[{"embeddable":true,"href":"https:\/\/www.khoqsg.com\/index.php\/wp-json\/wp\/v2\/media\/840"}],"wp:attachment":[{"href":"https:\/\/www.khoqsg.com\/index.php\/wp-json\/wp\/v2\/media?parent=828"}],"wp:term":[{"taxonomy":"product_brand","embeddable":true,"href":"https:\/\/www.khoqsg.com\/index.php\/wp-json\/wp\/v2\/product_brand?post=828"},{"taxonomy":"product_cat","embeddable":true,"href":"https:\/\/www.khoqsg.com\/index.php\/wp-json\/wp\/v2\/product_cat?post=828"},{"taxonomy":"product_tag","embeddable":true,"href":"https:\/\/www.khoqsg.com\/index.php\/wp-json\/wp\/v2\/product_tag?post=828"},{"taxonomy":"product_brands","embeddable":true,"href":"https:\/\/www.khoqsg.com\/index.php\/wp-json\/wp\/v2\/product_brands?post=828"}],"curies":[{"name":"wp","href":"https:\/\/api.w.org\/{rel}","templated":true}]}}