{"id":752,"date":"2026-04-17T07:06:02","date_gmt":"2026-04-17T00:06:02","guid":{"rendered":"https:\/\/www.khoqsg.com\/?post_type=product&#038;p=752"},"modified":"2026-04-17T13:26:35","modified_gmt":"2026-04-17T06:26:35","slug":"to-bat-inox-cach-nhiet","status":"publish","type":"product","link":"https:\/\/www.khoqsg.com\/index.php\/product\/to-bat-inox-cach-nhiet\/","title":{"rendered":"T\u00f4 &#8211; B\u00e1t Inox c\u00e1ch nhi\u1ec7t"},"content":{"rendered":"<p>T\u00f4 Inox Cao C\u1ea5p C\u00e1ch Nhi\u1ec7t C\u00f3 L\u1edbp C\u00e1ch Ch\u00e2n Kh\u00f4ng &#8211; T\u00f4 Ch\u00e9n B\u00e1t Inox Ki\u1ec3u H\u00e0n Qu\u1ed1c 2 L\u1edbp Ch\u1ed1ng N\u00f3ng \u0110\u1ee7 K\u00edch C\u1ee1<\/p>\n<ul>\n<li>S\u1ea3n xu\u1ea5t : Trung Q\u1ed1c<\/li>\n<li>Ch\u1ea5t li\u1ec7u: Th\u00e9p kh\u00f4ng g\u1ec9 304 an to\u00e0n, c\u00e1ch nhi\u1ec7t<\/li>\n<li>K\u00edch th\u01b0\u1edbc : Size 11.5cm,12cm,13cm,14cm,15cm,16cm,18cm,20 cm<\/li>\n<li>M\u00e0u s\u1eafc: B\u1ea1c<\/li>\n<li>Thi\u1ebft k\u1ebf 2 l\u1edbp c\u00e1ch nhi\u1ec7t<\/li>\n<li>S\u00e1ng b\u00f3ng sau th\u1eddi gian d\u00e0i s\u1eed d\u1ee5ng<\/li>\n<\/ul>\n<p><strong>\u01afU \u0110I\u1ec2M C\u1ee6A S\u1ea2N PH\u1ea8M<\/strong>:<\/p>\n<ul>\n<li>Ch\u1ea5t li\u1ec7u inox cao c\u1ea5p, an to\u00e0n cho s\u1ee9c kh\u1ecfe \u2013 S\u1eed d\u1ee5ng inox ch\u1ea5t l\u01b0\u1ee3ng cao, kh\u00f4ng b\u1ecb nam ch\u00e2m h\u00fat, \u0111\u1ea3m b\u1ea3o an to\u00e0n khi \u0111\u1ef1ng th\u1ef1c ph\u1ea9m. Ch\u1ea5t li\u1ec7u b\u1ec1n b\u1ec9, ch\u1ed1ng \u0103n m\u00f2n, kh\u00f4ng b\u1ecb r\u1ec9 s\u00e9t theo th\u1eddi gian.<\/li>\n<li>B\u1ec1 m\u1eb7t s\u00e1ng b\u00f3ng, gi\u1eef \u0111\u1ed9 m\u1edbi l\u00e2u d\u00e0i \u2013 L\u1edbp inox b\u00ean trong c\u00f3 \u0111\u1ed9 b\u00f3ng cao, c\u00f3 th\u1ec3 ph\u1ea3n chi\u1ebfu, mang l\u1ea1i v\u1ebb sang tr\u1ecdng v\u00e0 gi\u1eef \u0111\u01b0\u1ee3c \u0111\u1ed9 s\u00e1ng b\u00f3ng d\u00f9 s\u1eed d\u1ee5ng th\u01b0\u1eddng xuy\u00ean trong th\u1eddi gian d\u00e0i.<\/li>\n<li>An to\u00e0n khi s\u1eed d\u1ee5ng v\u1edbi th\u1ef1c ph\u1ea9m \u2013 Kh\u00f4ng g\u00e2y ph\u1ea3n \u1ee9ng h\u00f3a h\u1ecdc v\u1edbi th\u1ee9c \u0103n n\u00f3ng, chua hay d\u1ea7u m\u1ee1, \u0111\u1ea3m b\u1ea3o v\u1ec7 sinh v\u00e0 an to\u00e0n cho s\u1ee9c kh\u1ecfe c\u1ea3 gia \u0111\u00ecnh.<\/li>\n<li>Thi\u1ebft k\u1ebf 2 l\u1edbp c\u00e1ch nhi\u1ec7t hi\u1ec7u qu\u1ea3 \u2013 Gi\u1eefa hai l\u1edbp inox c\u00f3 m\u1ed9t l\u1edbp ch\u00e2n kh\u00f4ng gi\u00fap gi\u1eef nhi\u1ec7t th\u1ee9c \u0103n t\u1ed1t h\u01a1n, \u0111\u1ed3ng th\u1eddi l\u1edbp ngo\u00e0i c\u00e1ch nhi\u1ec7t gi\u00fap c\u1ea7m n\u1eafm an to\u00e0n, kh\u00f4ng b\u1ecb n\u00f3ng tay d\u00f9 b\u00ean trong ch\u1ee9a \u0111\u1ed3 \u0103n s\u00f4i.<\/li>\n<li>D\u1ec5 d\u00e0ng v\u1ec7 sinh sau khi s\u1eed d\u1ee5ng \u2013 B\u1ec1 m\u1eb7t inox kh\u00f4ng b\u00e1m d\u1ea7u m\u1ee1, ch\u1ec9 c\u1ea7n r\u1eeda nh\u1eb9 v\u1edbi x\u00e0 ph\u00f2ng l\u00e0 s\u1ea1ch, sau khi r\u1eeda v\u1eabn s\u00e1ng b\u00f3ng nh\u01b0 m\u1edbi, kh\u00f4ng b\u1ecb x\u1ec9n m\u00e0u hay b\u00e1m m\u00f9i th\u1ef1c ph\u1ea9m.<\/li>\n<\/ul>\n","protected":false},"excerpt":{"rendered":"<p>Ch\u1ea5t li\u1ec7u inox cao c\u1ea5p, an to\u00e0n cho s\u1ee9c kh\u1ecfe \u2013 S\u1eed d\u1ee5ng inox ch\u1ea5t l\u01b0\u1ee3ng cao, kh\u00f4ng b\u1ecb nam ch\u00e2m h\u00fat, \u0111\u1ea3m b\u1ea3o an to\u00e0n khi \u0111\u1ef1ng th\u1ef1c ph\u1ea9m. Ch\u1ea5t li\u1ec7u b\u1ec1n b\u1ec9, ch\u1ed1ng \u0103n m\u00f2n, kh\u00f4ng b\u1ecb r\u1ec9 s\u00e9t theo th\u1eddi gian.<\/p>\n","protected":false},"featured_media":756,"template":"","meta":{"_bst_post_transparent":"default","_bst_post_title":"","_bst_post_layout":"default","_bst_post_sidebar_id":"","_bst_post_content_style":"default","_bst_post_vertical_padding":"default","_bst_post_feature":"","_bst_post_feature_position":"","_bst_post_header":false,"_bst_post_footer":false},"product_brand":[],"product_cat":[80],"product_tag":[],"product_brands":[],"class_list":{"0":"post-752","1":"product","2":"type-product","3":"status-publish","4":"has-post-thumbnail","6":"product_cat-nha-bep","8":"first","9":"instock","10":"featured","11":"taxable","12":"shipping-taxable","13":"purchasable","14":"product-type-variable","15":"entry","16":"content-bg","17":"loop-entry"},"_links":{"self":[{"href":"https:\/\/www.khoqsg.com\/index.php\/wp-json\/wp\/v2\/product\/752","targetHints":{"allow":["GET"]}}],"collection":[{"href":"https:\/\/www.khoqsg.com\/index.php\/wp-json\/wp\/v2\/product"}],"about":[{"href":"https:\/\/www.khoqsg.com\/index.php\/wp-json\/wp\/v2\/types\/product"}],"wp:featuredmedia":[{"embeddable":true,"href":"https:\/\/www.khoqsg.com\/index.php\/wp-json\/wp\/v2\/media\/756"}],"wp:attachment":[{"href":"https:\/\/www.khoqsg.com\/index.php\/wp-json\/wp\/v2\/media?parent=752"}],"wp:term":[{"taxonomy":"product_brand","embeddable":true,"href":"https:\/\/www.khoqsg.com\/index.php\/wp-json\/wp\/v2\/product_brand?post=752"},{"taxonomy":"product_cat","embeddable":true,"href":"https:\/\/www.khoqsg.com\/index.php\/wp-json\/wp\/v2\/product_cat?post=752"},{"taxonomy":"product_tag","embeddable":true,"href":"https:\/\/www.khoqsg.com\/index.php\/wp-json\/wp\/v2\/product_tag?post=752"},{"taxonomy":"product_brands","embeddable":true,"href":"https:\/\/www.khoqsg.com\/index.php\/wp-json\/wp\/v2\/product_brands?post=752"}],"curies":[{"name":"wp","href":"https:\/\/api.w.org\/{rel}","templated":true}]}}