{"id":12,"date":"2026-04-15T12:59:30","date_gmt":"2026-04-15T05:59:30","guid":{"rendered":"https:\/\/www.khoqsg.com\/?page_id=12"},"modified":"2026-04-19T14:38:26","modified_gmt":"2026-04-19T07:38:26","slug":"chinh-sach-tra-hang-hoan-tien-ho-tro-phi-giao-hang","status":"publish","type":"page","link":"https:\/\/www.khoqsg.com\/index.php\/chinh-sach-tra-hang-hoan-tien-ho-tro-phi-giao-hang\/","title":{"rendered":"Ch\u00ednh S\u00e1ch Tr\u1ea3 H\u00e0ng &#8211; Ho\u00e0n Ti\u1ec1n &#8211; H\u1ed7 Tr\u1ee3 Ph\u00ed Giao H\u00e0ng"},"content":{"rendered":"\n<h2 class=\"wp-block-heading\">TR\u1ea2 H\u00c0NG<\/h2>\n\n\n\n<p>Ch\u00fang t\u00f4i ch\u1ec9 ch\u1ea5p nh\u1eadn h\u00e0ng ho\u00e0n trong c\u00e1c tr\u01b0\u1eddng h\u1ee3p sau : <\/p>\n\n\n\n<ul class=\"wp-block-list\">\n<li>L\u1ed7i nh\u00e0 s\u1ea3n xu\u1ea5t<\/li>\n\n\n\n<li>B\u1ec3 v\u1ee1, h\u01b0 h\u1ecfng do qu\u00e1 tr\u00ecnh v\u1eadn chuy\u1ec3n<\/li>\n\n\n\n<li>C\u00f3 video khui ki\u1ec7n h\u00e0ng, th\u1ec3 hi\u1ec7n t\u00ecnh tr\u1ea1ng s\u1ea3n ph\u1ea9m<\/li>\n\n\n\n<li>Th\u1eddi gian t\u1eeb th\u1eddi \u0111i\u1ec3m nh\u1eadn h\u00e0ng \u0111\u1ebfn th\u1eddi \u0111i\u1ec3m tr\u1ea3 h\u00e0ng t\u1ed1i \u0111a 07 ng\u00e0y<\/li>\n\n\n\n<li>Ph\u00ed v\u1eadn chuy\u1ec3n ho\u00e0n h\u00e0ng s\u1ebd do ng\u01b0\u1eddi mua chi tr\u1ea3 100%<\/li>\n<\/ul>\n\n\n\n<h2 class=\"wp-block-heading\">HO\u00c0N TI\u1ec0N<\/h2>\n\n\n\n<p>Sau khi ch\u00fang t\u00f4i nh\u1eadn \u0111\u01b0\u1ee3c h\u00e0ng ho\u00e0n v\u00e0 ki\u1ec3m tra c\u00e1c \u0111i\u1ec1u ki\u1ec7n \u0111\u01b0\u1ee3c ho\u00e0n h\u00e0ng l\u00e0 ch\u00ednh x\u00e1c, ch\u00fang t\u00f4i s\u1ebd ti\u1ebfn h\u00e0nh ho\u00e0n ti\u1ec1n ngay, th\u1eddi gian t\u1ed1i \u0111a l\u00e0 24h t\u00ednh t\u1eeb th\u1eddi \u0111i\u1ec3m ch\u00fang t\u00f4i nh\u1eadn \u0111\u01b0\u1ee3c h\u00e0ng ho\u00e0n v\u1ec1.<\/p>\n\n\n\n<p><strong>Ch\u00fang t\u00f4i t\u1eeb ch\u1ed1i ho\u00e0n ti\u1ec1n cho \u0111\u01a1n h\u00e0ng n\u1ebfu :<\/strong><\/p>\n\n\n\n<ul class=\"wp-block-list\">\n<li><strong>H\u00e0ng \u0111\u00e3 c\u00f3 d\u1ea5u hi\u1ec7u s\u1eed d\u1ee5ng m\u00e0 kh\u00f4ng c\u00f3 l\u1ed7i nh\u00e0 s\u1ea3n xu\u1ea5t<\/strong><\/li>\n\n\n\n<li><strong>H\u00e0ng b\u1ecb b\u1ec3 v\u1ee1, h\u01b0 h\u1ecfng do kh\u00f4ng \u0111\u01b0\u1ee3c \u0111\u00f3ng g\u00f3i c\u1ea9n th\u1eadn khi ho\u00e0n v\u1ec1<\/strong><\/li>\n\n\n\n<li><strong>Kh\u00f4ng c\u00f3 video th\u1ec3 hi\u1ec7n t\u00ecnh tr\u1ea1ng s\u1ea3n ph\u1ea9m khi m\u1edf ki\u1ec7n h\u00e0ng<\/strong><\/li>\n<\/ul>\n\n\n\n<h2 class=\"wp-block-heading\">H\u1ed6 TR\u1ee2 PH\u00cd V\u1eacN CHUY\u1ec2N &#8211; GIAO H\u00c0NG<\/h2>\n\n\n\n<p>Ch\u00fang t\u00f4i h\u1ed7 tr\u1ee3 ph\u00ed v\u1eadn chuy\u1ec3n &#8211; giao h\u00e0ng cho \u0111\u01a1n h\u00e0ng nh\u01b0 sau :<\/p>\n\n\n\n<ul class=\"wp-block-list\">\n<li>\u0110\u01a1n h\u00e0ng c\u00f3 gi\u00e1 tr\u1ecb &lt;=200.000 VND : Kh\u00f4ng h\u1ed7 tr\u1ee3 ph\u00ed v\u1eadn chuy\u1ec3n<\/li>\n\n\n\n<li>\u0110\u01a1n h\u00e0ng c\u00f3 gi\u00e1 tr\u1ecb >200.000 VND &#8211; &lt;=300.000 VND : H\u1ed7 tr\u1ee3 ph\u00ed v\u1eadn chuy\u1ec3n t\u1ed1i \u0111a 20.000 VND<\/li>\n\n\n\n<li>\u0110\u01a1n h\u00e0ng c\u00f3 gi\u00e1 tr\u1ecb > 300.000 VND &#8211; &lt;=500.000 VND : H\u1ed7 tr\u1ee3 ph\u00ed v\u1eadn chuy\u1ec3n t\u1ed1i \u0111a 40.000 VND<\/li>\n\n\n\n<li>\u0110\u01a1n h\u00e0ng c\u00f3 gi\u00e1 tr\u1ecb > 500.000 VND &#8211; &lt;=1.000.000 VND : H\u1ed7 tr\u1ee3 ph\u00ed v\u1eadn chuy\u1ec3n t\u1ed1i \u0111a 60.000 VND<\/li>\n\n\n\n<li>\u0110\u01a1n h\u00e0ng c\u00f3 gi\u00e1 tr\u1ecb > 1.000.000 VND : H\u1ed7 tr\u1ee3 ph\u00ed v\u1eadn chuy\u1ec3n t\u1ed1i \u0111a 100.000 VND<\/li>\n<\/ul>\n","protected":false},"excerpt":{"rendered":"<p>TR\u1ea2 H\u00c0NG Ch\u00fang t\u00f4i ch\u1ec9 ch\u1ea5p nh\u1eadn h\u00e0ng ho\u00e0n trong c\u00e1c tr\u01b0\u1eddng h\u1ee3p sau : HO\u00c0N TI\u1ec0N Sau khi ch\u00fang t\u00f4i nh\u1eadn \u0111\u01b0\u1ee3c h\u00e0ng ho\u00e0n v\u00e0 ki\u1ec3m tra c\u00e1c \u0111i\u1ec1u ki\u1ec7n \u0111\u01b0\u1ee3c ho\u00e0n h\u00e0ng l\u00e0 ch\u00ednh x\u00e1c, ch\u00fang t\u00f4i s\u1ebd ti\u1ebfn h\u00e0nh ho\u00e0n ti\u1ec1n ngay, th\u1eddi gian t\u1ed1i \u0111a l\u00e0 24h t\u00ednh t\u1eeb th\u1eddi \u0111i\u1ec3m&#8230;<\/p>\n","protected":false},"author":1,"featured_media":0,"parent":0,"menu_order":0,"comment_status":"closed","ping_status":"closed","template":"","meta":{"_bst_post_transparent":"","_bst_post_title":"","_bst_post_layout":"","_bst_post_sidebar_id":"","_bst_post_content_style":"","_bst_post_vertical_padding":"","_bst_post_feature":"","_bst_post_feature_position":"","_bst_post_header":false,"_bst_post_footer":false,"footnotes":""},"class_list":["post-12","page","type-page","status-publish","hentry"],"_links":{"self":[{"href":"https:\/\/www.khoqsg.com\/index.php\/wp-json\/wp\/v2\/pages\/12","targetHints":{"allow":["GET"]}}],"collection":[{"href":"https:\/\/www.khoqsg.com\/index.php\/wp-json\/wp\/v2\/pages"}],"about":[{"href":"https:\/\/www.khoqsg.com\/index.php\/wp-json\/wp\/v2\/types\/page"}],"author":[{"embeddable":true,"href":"https:\/\/www.khoqsg.com\/index.php\/wp-json\/wp\/v2\/users\/1"}],"replies":[{"embeddable":true,"href":"https:\/\/www.khoqsg.com\/index.php\/wp-json\/wp\/v2\/comments?post=12"}],"version-history":[{"count":8,"href":"https:\/\/www.khoqsg.com\/index.php\/wp-json\/wp\/v2\/pages\/12\/revisions"}],"predecessor-version":[{"id":1096,"href":"https:\/\/www.khoqsg.com\/index.php\/wp-json\/wp\/v2\/pages\/12\/revisions\/1096"}],"wp:attachment":[{"href":"https:\/\/www.khoqsg.com\/index.php\/wp-json\/wp\/v2\/media?parent=12"}],"curies":[{"name":"wp","href":"https:\/\/api.w.org\/{rel}","templated":true}]}}